{"id":439,"date":"2026-04-23T10:12:22","date_gmt":"2026-04-23T02:12:22","guid":{"rendered":"https:\/\/hossoni-ess.com\/?page_id=439"},"modified":"2026-05-08T11:19:00","modified_gmt":"2026-05-08T03:19:00","slug":"12kw-32kwh","status":"publish","type":"page","link":"https:\/\/hossoni-ess.com\/es\/12kw-32kwh\/","title":{"rendered":"12kw-32kwh"},"content":{"rendered":"<div data-elementor-type=\"wp-page\" data-elementor-id=\"439\" class=\"elementor elementor-439\" data-elementor-post-type=\"page\">\n\t\t\t\t<div class=\"elementor-element elementor-element-409762d e-flex e-con-boxed e-con e-parent\" data-id=\"409762d\" data-element_type=\"container\" data-e-type=\"container\">\n\t\t\t\t\t<div class=\"e-con-inner\">\n\t\t\t\t<div class=\"elementor-element elementor-element-6d32c3c elementor-widget elementor-widget-html\" data-id=\"6d32c3c\" data-element_type=\"widget\" data-e-type=\"widget\" data-widget_type=\"html.default\">\n\t\t\t\t\t<!DOCTYPE html>\r\n<html lang=\"zh-CN\">\r\n<head>\r\n    <meta charset=\"UTF-8\">\r\n    <meta name=\"viewport\" content=\"width=device-width, initial-scale=1.0\">\r\n    <title>MIN 3000~6000TL-X \u6237\u7528\u5149\u4f0f\u9006\u53d8\u5668<\/title>\r\n    <!-- \u5f15\u5165\u8bbe\u8ba1\u89c4\u8303\u6307\u5b9a\u7684Montserrat\u5b57\u4f53 -->\r\n    <link rel=\"preconnect\" href=\"https:\/\/fonts.googleapis.com\">\r\n    <link rel=\"preconnect\" href=\"https:\/\/fonts.gstatic.com\" crossorigin>\r\n    <link href=\"https:\/\/fonts.googleapis.com\/css2?family=Montserrat:wght@400;600;700&display=swap\" rel=\"stylesheet\">\r\n    <style>\r\n        * {\r\n            margin: 0;\r\n            padding: 0;\r\n            box-sizing: border-box;\r\n            font-family: -apple-system, BlinkMacSystemFont, \"Segoe UI\", Roboto, \"Helvetica Neue\", Arial, sans-serif;\r\n        }\r\n\r\n        body {\r\n            color: #333;\r\n            background-color: #f9f9f9;\r\n        }\r\n\r\n        \/* ========== \u5f00\u5c4fHero\u533a\u57df \u4ec5\u4fdd\u7559\u5e95\u56fe+\u6587\u5b57 \u5168\u5c4f\u94fa\u6ee1 \u6587\u5b57\u53f3\u79fb ========== *\/\r\n        .hero-section {\r\n            width: 100%;\r\n            height: 1097px;\r\n            background: url('https:\/\/mlqmxrbz1bom.i.optimole.com\/cb:FgPI.44\/w:auto\/h:auto\/q:mauto\/f:best\/https:\/\/hossoni-ess.com\/wp-content\/uploads\/2026\/04\/12kw32kwh-scaled.png') no-repeat center center;\r\n            background-size: cover; \/* \u5e95\u56fe100%\u94fa\u6ee1\u5c4f\u5e55 *\/\r\n            display: flex;\r\n            align-items: center;\r\n            justify-content: flex-end; \/* \u6587\u5b57\u4ece\u5de6\u4fa7\u6539\u4e3a\u53f3\u4fa7 *\/\r\n            padding: 0 12%;\r\n            color: #ffffff;\r\n        }\r\n\r\n        \/* \u5f00\u5c4f\u6587\u5b57 \u653e\u5927\u52a0\u7c97 *\/\r\n        .hero-subtitle {\r\n            font-size: 28px;\r\n            margin-bottom: 20px;\r\n            opacity: 0.95;\r\n            font-weight: 700;\r\n        }\r\n\r\n        .hero-title {\r\n            font-family: 'Montserrat', sans-serif;\r\n            font-size: 60px;\r\n            font-weight: 700;\r\n            line-height: 1.2;\r\n            letter-spacing: 0.5px;\r\n        }\r\n\r\n        \/* ========== \u9762\u5305\u5c51\u5bfc\u822a \u5df2\u6539\u4e3a1700px ========== *\/\r\n        .breadcrumb {\r\n            max-width: 1700px; \/* \u5df2\u4ece1500px\u6539\u4e3a1700px *\/\r\n            margin: 24px auto;\r\n            padding: 0 20px;\r\n            font-size: 14px;\r\n            color: #666666;\r\n            font-weight: 600;\r\n        }\r\n\r\n        \/* ========== \u4ea7\u54c1\u7279\u70b9\u533a\u57df \u5df2\u6539\u4e3a1700px ========== *\/\r\n        .features-section {\r\n            max-width: 1700px; \/* \u5df2\u4ece1500px\u6539\u4e3a1700px *\/\r\n            margin: 0 auto 80px;\r\n            padding: 0 20px 60px;\r\n        }\r\n\r\n        .section-title {\r\n            font-family: 'Montserrat', sans-serif;\r\n            font-size: 28px;\r\n            font-weight: 700;\r\n            text-align: center;\r\n            margin-bottom: 48px;\r\n            color: #222222;\r\n        }\r\n\r\n        .features-grid {\r\n            display: grid;\r\n            grid-template-columns: repeat(3, 1fr);\r\n            gap: 32px;\r\n        }\r\n\r\n        .feature-card {\r\n            background: #ffffff;\r\n            padding: 36px 32px;\r\n            border-radius: 12px;\r\n            box-shadow: 0 2px 15px rgba(0,0,0,0.03);\r\n        }\r\n\r\n        .card-title {\r\n            font-size: 22px;\r\n            font-weight: 700;\r\n            margin-bottom: 24px;\r\n            color: #222222;\r\n            position: relative;\r\n            padding-bottom: 12px;\r\n        }\r\n\r\n        \/* \u6807\u9898\u4e0b\u65b9\u7eff\u8272\u4e0b\u5212\u7ebf *\/\r\n        .card-title::after {\r\n            content: '';\r\n            position: absolute;\r\n            bottom: 0;\r\n            left: 0;\r\n            width: 32px;\r\n            height: 3px;\r\n            background-color: #214E33;\r\n        }\r\n\r\n        .card-list {\r\n            list-style: none;\r\n        }\r\n\r\n        \/* \u4ea7\u54c1\u7279\u70b9\u6587\u5b57 \u5df2\u6309\u7edf\u4e00\u6807\u51c6\u6539\u4e3a20px \u4f18\u5316\u884c\u9ad8\u95f4\u8ddd *\/\r\n        .card-list li {\r\n            font-size: 20px; \/* \u5df2\u4ece15px\u6539\u4e3a20px *\/\r\n            line-height: 1.8; \/* \u9002\u914d20px\u5b57\u4f53\u4f18\u5316\u884c\u9ad8 *\/\r\n            color: #555555;\r\n            margin-bottom: 16px; \/* \u5b57\u4f53\u653e\u5927\u540e\u5fae\u8c03\u95f4\u8ddd *\/\r\n            padding-left: 16px;\r\n            position: relative;\r\n            font-weight: 600;\r\n        }\r\n\r\n        .card-list li::before {\r\n            content: '-';\r\n            position: absolute;\r\n            left: 0;\r\n            color: #555555;\r\n        }\r\n\r\n        \/* ========== \u53c2\u6570\u4fe1\u606f\u533a\u57df \u5df2\u6539\u4e3a\u81ea\u9002\u5e94\u9ad8\u5ea6 \u907f\u514d\u6ea2\u51fa ========== *\/\r\n        .params-section {\r\n            width: 100%;\r\n            min-height: 800px; \/* \u539f\u56fa\u5b9aheight:800px \u6539\u4e3a\u6700\u5c0f\u9ad8\u5ea6 *\/\r\n            height: auto;\r\n            background-color: #ffffff;\r\n            display: flex;\r\n            align-items: center;\r\n            justify-content: center;\r\n            padding: 60px 20px; \/* \u589e\u52a0\u4e0a\u4e0b\u5185\u8fb9\u8ddd\u4f18\u5316\u89c6\u89c9 *\/\r\n        }\r\n\r\n        .params-content-wrapper {\r\n            max-width: 1700px; \/* \u5df2\u4ece1500px\u6539\u4e3a1700px *\/\r\n            width: 100%;\r\n        }\r\n\r\n        .params-table {\r\n            width: 100%;\r\n            border-collapse: collapse;\r\n            margin-top: 48px;\r\n        }\r\n\r\n        \/* \u53c2\u6570\u8868\u5934 \u5df2\u6309\u7edf\u4e00\u6807\u51c6\u6539\u4e3a20px \u52a0\u5927\u5185\u8fb9\u8ddd *\/\r\n        .params-table thead th {\r\n            background-color: #ececec;\r\n            padding: 26px 34px; \/* \u5df2\u4ece18px 24px\u52a0\u5927\uff0c\u9002\u914d20px\u5b57\u4f53 *\/\r\n            text-align: left;\r\n            font-size: 20px; \/* \u5df2\u4ece15px\u6539\u4e3a20px *\/\r\n            font-weight: 700;\r\n            color: #333333;\r\n        }\r\n\r\n        \/* \u53c2\u6570\u5185\u5bb9 \u5df2\u6309\u7edf\u4e00\u6807\u51c6\u6539\u4e3a20px \u52a0\u5927\u5185\u8fb9\u8ddd *\/\r\n        .params-table tbody td {\r\n            padding: 26px 34px; \/* \u5df2\u4ece18px 24px\u52a0\u5927\uff0c\u9002\u914d20px\u5b57\u4f53 *\/\r\n            font-size: 20px; \/* \u5df2\u4ece15px\u6539\u4e3a20px\uff0c\u6570\u503c\u540c\u6b65\u653e\u5927 *\/\r\n            color: #555555;\r\n            border-bottom: 1px solid #f0f0f0;\r\n            vertical-align: top;\r\n            font-weight: 600;\r\n        }\r\n\r\n        .params-table tbody tr:last-child td {\r\n            border-bottom: none;\r\n        }\r\n\r\n        .doc-btn-wrapper {\r\n            text-align: center;\r\n            margin-top: 48px;\r\n        }\r\n\r\n        .doc-btn {\r\n            border: 1px solid #333333;\r\n            border-radius: 4px;\r\n            padding: 10px 24px;\r\n            font-size: 14px;\r\n            font-weight: 600;\r\n            background-color: transparent;\r\n            color: #333333;\r\n            cursor: pointer;\r\n            transition: all 0.2s ease;\r\n        }\r\n\r\n        .doc-btn:hover {\r\n            background-color: #333333;\r\n            color: #ffffff;\r\n        }\r\n\r\n        \/* \u54cd\u5e94\u5f0f\u9002\u914d \u540c\u6b65\u4fee\u6539\u65ad\u70b9\u4e3a1700px *\/\r\n        @media (max-width: 1700px) { \/* \u5df2\u4ece1500px\u6539\u4e3a1700px *\/\r\n            .features-section, .params-content-wrapper, .breadcrumb {\r\n                max-width: 100%;\r\n                padding: 0 40px;\r\n            }\r\n        }\r\n\r\n        @media (max-width: 1024px) {\r\n            .hero-section {\r\n                height: auto;\r\n                min-height: 600px;\r\n                padding: 60px 40px;\r\n                text-align: right; \/* \u79fb\u52a8\u7aef\u6587\u5b57\u4fdd\u6301\u53f3\u5bf9\u9f50 *\/\r\n            }\r\n            .hero-title {\r\n                font-size: 48px;\r\n            }\r\n            .hero-subtitle {\r\n                font-size: 22px;\r\n            }\r\n        }\r\n\r\n        @media (max-width: 768px) {\r\n            .features-grid {\r\n                grid-template-columns: 1fr;\r\n            }\r\n            .hero-title {\r\n                font-size: 36px;\r\n            }\r\n            .hero-subtitle {\r\n                font-size: 18px;\r\n            }\r\n            \/* \u79fb\u52a8\u7aef\u9002\u914d\uff1a\u7565\u5fae\u7f29\u5c0f\u5b57\u4f53\u907f\u514d\u6ea2\u51fa\uff0c\u53ef\u81ea\u884c\u6539\u4e3a20px *\/\r\n            .params-table thead th, .params-table tbody td {\r\n                padding: 16px 12px;\r\n                font-size: 17px;\r\n            }\r\n            .card-list li {\r\n                font-size: 18px;\r\n            }\r\n        }\r\n    \r\n\r\n        \/* ===== Elementor \u81ea\u9002\u5e94\u4fee\u590d\uff1a\u4e0d\u6539\u539f\u8bbe\u8ba1\uff0c\u4ec5\u9632\u6b62\u56fa\u5b9a\u5c3a\u5bf8\u6491\u7834\u4e0d\u540c\u7ec8\u7aef ===== *\/\r\n        img, video, iframe {\r\n            max-width: 100%;\r\n        }\r\n        \/* ===== Elementor \u81ea\u9002\u5e94\u4fee\u590d\uff1a\u4ea7\u54c1\u8be6\u60c5\u9875 ===== *\/\r\n        html, body {\r\n            width: auto;\r\n            min-width: 0;\r\n            overflow-x: clip;\r\n        }\r\n        body {\r\n            transform: none !important;\r\n            zoom: 1 !important;\r\n        }\r\n        .hero-section {\r\n            height: clamp(620px, 57.2vw, 1097px);\r\n            min-height: 0;\r\n            padding-left: clamp(28px, 8vw, 12%);\r\n            padding-right: clamp(28px, 8vw, 12%);\r\n        }\r\n        .hero-title {\r\n            font-size: clamp(36px, 3.125vw, 60px);\r\n        }\r\n        .hero-subtitle {\r\n            font-size: clamp(18px, 1.46vw, 28px);\r\n        }\r\n        .breadcrumb,\r\n        .features-section,\r\n        .params-content-wrapper {\r\n            max-width: min(1700px, 100%);\r\n        }\r\n        .features-section {\r\n            margin-bottom: clamp(42px, 4.16vw, 80px);\r\n            padding-left: clamp(20px, 3vw, 40px);\r\n            padding-right: clamp(20px, 3vw, 40px);\r\n        }\r\n        .features-grid {\r\n            gap: clamp(18px, 1.67vw, 32px);\r\n        }\r\n        .feature-card {\r\n            padding: clamp(24px, 1.875vw, 36px) clamp(20px, 1.67vw, 32px);\r\n        }\r\n        .params-section {\r\n            min-height: clamp(560px, 41.67vw, 800px);\r\n            padding: clamp(42px, 3.125vw, 60px) clamp(16px, 2.08vw, 40px);\r\n            overflow-x: auto;\r\n        }\r\n        .params-table {\r\n            min-width: 760px;\r\n        }\r\n        .params-table thead th,\r\n        .params-table tbody td {\r\n            padding: clamp(16px, 1.35vw, 26px) clamp(16px, 1.77vw, 34px);\r\n        }\r\n        @media (max-width: 1024px) {\r\n            .hero-section {\r\n                height: auto;\r\n                min-height: 560px;\r\n            }\r\n            .features-grid {\r\n                grid-template-columns: 1fr;\r\n            }\r\n        }\r\n        @media (max-width: 768px) {\r\n            html, body {\r\n                overflow-x: hidden;\r\n            }\r\n            .hero-section {\r\n                min-height: 520px;\r\n            }\r\n            .params-section {\r\n                display: block;\r\n            }\r\n        }\r\n    \r\n\r\n        \/* ===== \u5168\u90e8\u6587\u4ef6\u6700\u7ec8\u81ea\u9002\u5e94\u8986\u76d6\uff1a\u4ea7\u54c1\u8be6\u60c5\u9875 ===== *\/\r\n        html, body {\r\n            width: auto !important;\r\n            min-width: 0 !important;\r\n            overflow-x: clip !important;\r\n            transform: none !important;\r\n            zoom: 1 !important;\r\n        }\r\n        .hero-section {\r\n            height: clamp(620px, 57.2vw, 1097px) !important;\r\n            min-height: 0 !important;\r\n            padding-left: clamp(28px, 8vw, 12%) !important;\r\n            padding-right: clamp(28px, 8vw, 12%) !important;\r\n        }\r\n        .hero-title {\r\n            font-size: clamp(36px, 3.125vw, 60px) !important;\r\n        }\r\n        .hero-subtitle {\r\n            font-size: clamp(18px, 1.46vw, 28px) !important;\r\n        }\r\n        .breadcrumb,\r\n        .features-section,\r\n        .params-content-wrapper {\r\n            max-width: min(1700px, 100%) !important;\r\n        }\r\n        .features-section {\r\n            margin-bottom: clamp(42px, 4.16vw, 80px) !important;\r\n            padding-left: clamp(20px, 3vw, 40px) !important;\r\n            padding-right: clamp(20px, 3vw, 40px) !important;\r\n        }\r\n        .features-grid {\r\n            gap: clamp(18px, 1.67vw, 32px) !important;\r\n        }\r\n        .feature-card {\r\n            padding: clamp(24px, 1.875vw, 36px) clamp(20px, 1.67vw, 32px) !important;\r\n        }\r\n        .params-section {\r\n            min-height: clamp(560px, 41.67vw, 800px) !important;\r\n            padding: clamp(42px, 3.125vw, 60px) clamp(16px, 2.08vw, 40px) !important;\r\n            overflow-x: auto !important;\r\n        }\r\n        .params-table {\r\n            min-width: 760px !important;\r\n        }\r\n        @media (max-width: 1024px) {\r\n            .hero-section {\r\n                height: auto !important;\r\n                min-height: 560px !important;\r\n            }\r\n            .features-grid {\r\n                grid-template-columns: 1fr !important;\r\n            }\r\n        }\r\n        @media (max-width: 768px) {\r\n            html, body {\r\n                overflow-x: hidden !important;\r\n            }\r\n            .hero-section {\r\n                min-height: 520px !important;\r\n            }\r\n            .params-section {\r\n                display: block !important;\r\n            }\r\n        }\r\n        \/* ===== \u5168\u90e8\u6587\u4ef6\u6700\u7ec8\u81ea\u9002\u5e94\u8986\u76d6\u7ed3\u675f ===== *\/\r\n    \r\n\r\n        \/* ===== \u6700\u7ec8\u66f4\u7d27\u51d1\u4ea7\u54c1\u8be6\u60c5\u9875\u8986\u76d6\uff1a\u7edf\u4e00\u538b\u7f29\u5230\u66f4\u63a5\u8fd1\u7b14\u8bb0\u672c\u6d4f\u89c8\u5668 80% \u7684\u89c6\u89c9 ===== *\/\r\n        @media (min-width: 1025px) and (max-width: 1600px) {\r\n            .hero-section {\r\n                height: clamp(520px, 48vw, 920px) !important;\r\n                padding-left: clamp(22px, 6vw, 10%) !important;\r\n                padding-right: clamp(22px, 6vw, 10%) !important;\r\n            }\r\n            .hero-title {\r\n                font-size: clamp(32px, 2.7vw, 54px) !important;\r\n            }\r\n            .hero-subtitle {\r\n                font-size: clamp(16px, 1.2vw, 24px) !important;\r\n            }\r\n            .features-section {\r\n                margin-bottom: clamp(28px, 3.2vw, 60px) !important;\r\n                padding-left: clamp(16px, 2.2vw, 28px) !important;\r\n                padding-right: clamp(16px, 2.2vw, 28px) !important;\r\n            }\r\n            .section-title {\r\n                font-size: clamp(24px, 2.1vw, 28px) !important;\r\n                margin-bottom: clamp(30px, 3vw, 48px) !important;\r\n            }\r\n            .feature-card {\r\n                padding: clamp(18px, 1.6vw, 28px) clamp(16px, 1.4vw, 24px) !important;\r\n            }\r\n            .card-title {\r\n                font-size: clamp(18px, 1.55vw, 22px) !important;\r\n                margin-bottom: clamp(16px, 1.5vw, 24px) !important;\r\n            }\r\n            .card-list li {\r\n                font-size: clamp(16px, 1.15vw, 20px) !important;\r\n                margin-bottom: clamp(10px, 1vw, 16px) !important;\r\n            }\r\n            .params-section {\r\n                min-height: clamp(500px, 34vw, 680px) !important;\r\n                padding: clamp(32px, 2.5vw, 48px) clamp(14px, 1.7vw, 28px) !important;\r\n            }\r\n            .params-table thead th,\r\n            .params-table tbody td {\r\n                padding: clamp(14px, 1.1vw, 22px) clamp(14px, 1.4vw, 28px) !important;\r\n                font-size: clamp(16px, 1.15vw, 20px) !important;\r\n            }\r\n            .doc-btn-wrapper {\r\n                margin-top: clamp(28px, 2.2vw, 48px) !important;\r\n            }\r\n        }\r\n        @media (min-width: 1025px) and (max-width: 1366px) {\r\n            .hero-section {\r\n                height: clamp(500px, 45vw, 820px) !important;\r\n            }\r\n            .params-section {\r\n                min-height: clamp(460px, 32vw, 620px) !important;\r\n            }\r\n        }\r\n        \/* ===== \u6700\u7ec8\u66f4\u7d27\u51d1\u4ea7\u54c1\u8be6\u60c5\u9875\u8986\u76d6\u7ed3\u675f ===== *\/\r\n    <\/style>\r\n<\/head>\r\n<body>\r\n    <!-- 1. \u5f00\u5c4fHero\u533a\u57df \u4ec5\u4fdd\u7559\u5e95\u56fe+\u6587\u5b57 \u53f3\u4fa7\u663e\u793a -->\r\n    <section class=\"hero-section\">\r\n        <div class=\"hero-text-wrapper\">\r\n            <p class=\"hero-subtitle\">Sistema h\u00edbrido de energ\u00eda solar y almacenamiento<\/p>\r\n            <h1 class=\"hero-title\">POWERWALL<\/h1>\r\n        <\/div>\r\n    <\/section>\r\n\r\n    <!-- \u9762\u5305\u5c51\u5bfc\u822a -->\r\n    <div class=\"breadcrumb\">\r\n        \r\n    <\/div>\r\n\r\n    <!-- 2. \u4ea7\u54c1\u7279\u70b9\u533a\u57df -->\r\n    <section class=\"features-section\">\r\n        <h2 class=\"section-title\">Caracter\u00edsticas del producto<\/h2>\r\n        <div class=\"features-grid\">\r\n            <!-- \u9ad8\u6548\u53d1\u7535 -->\r\n            <div class=\"feature-card\">\r\n                <h3 class=\"card-title\">Generaci\u00f3n de energ\u00eda de alta eficiencia<\/h3>\r\n                <ul class=\"card-list\">\r\n                    <li>Los sistemas fotovoltaicos pueden sobredimensionarse hasta el doble de su capacidad, con una eficiencia m\u00e1xima del 98,231 %.<\/li>\r\n                    <li>Corriente de cadena: 21 A, ideal para paneles solares de alta potencia<\/li>\r\n                    <li>Admite hasta 3 canales MPPT, con 3 entradas de cadena independientes<\/li>\r\n                <\/ul>\r\n            <\/div>\r\n\r\n            <!-- \u7535\u6c60\u6027\u80fd -->\r\n            <div class=\"feature-card\">\r\n                <h3 class=\"card-title\">Rendimiento de la bater\u00eda<\/h3>\r\n                <ul class=\"card-list\">\r\n                    <li>Incorpora celdas de bater\u00eda originales del fabricante de grado A+ con un sistema de gesti\u00f3n de bater\u00eda (BMS) integrado para una gesti\u00f3n inteligente, lo que ofrece una vida \u00fatil de hasta 6.000 ciclos (al 80 % de TP3 TDOD)<\/li>\r\n                    <li>Admite descargas profundas de 80% a 90%, lo que garantiza un uso m\u00e1s eficiente de la capacidad de la bater\u00eda<\/li>\r\n                    <li>Permite combinar bater\u00edas nuevas y antiguas; incluye un puerto de conexi\u00f3n en paralelo para ampliar la capacidad de forma flexible<\/li>\r\n                <\/ul>\r\n            <\/div>\r\n\r\n            <!-- \u667a\u63a7\u6838\u5fc3 -->\r\n            <div class=\"feature-card\">\r\n                <h3 class=\"card-title\">N\u00facleo de control inteligente<\/h3>\r\n                <ul class=\"card-list\">\r\n                    <li>Admite modos como prioridad de carga, prioridad de bater\u00eda, prioridad de red y funcionamiento programado<\/li>\r\n                    <li>La supervisi\u00f3n inteligente de String IV permite un funcionamiento y un mantenimiento optimizados e inteligentes<\/li>\r\n                    <li>Control en red de registradores de datos; arquitectura de comunicaci\u00f3n maestro-esclavo para un funcionamiento coordinado<\/li>\r\n                <\/ul>\r\n            <\/div>\r\n        <\/div>\r\n    <\/section>\r\n\r\n    <!-- 3. \u53c2\u6570\u4fe1\u606f\u533a\u57df -->\r\n    <section class=\"params-section\">\r\n        <div class=\"params-content-wrapper\">\r\n            <h2 class=\"section-title\">Informaci\u00f3n sobre los par\u00e1metros<\/h2>\r\n            <table class=\"params-table\">\r\n                <thead>\r\n                    <tr>\r\n                        <th>Modelo<\/th>\r\n                        <th>POWERWALL<\/th>\r\n                    <\/tr>\r\n                <\/thead>\r\n                <tbody>\r\n                    <tr>\r\n                        <td>Potencia de salida de CA<\/td>\r\n                        <td>12 kW<\/td>\r\n                    <\/tr>\r\n                    <tr>\r\n                        <td>Potencia m\u00e1xima de entrada fotovoltaica<\/td>\r\n                        <td>15 kW<\/td>\r\n                    <\/tr>\r\n                    <tr>\r\n                        <td>Capacidad el\u00e9ctrica<\/td>\r\n                        <td>32 kWh<\/td>\r\n                    <\/tr>\r\n                    <tr>\r\n                        <td>Tensi\u00f3n nominal<\/td>\r\n                        <td>51,2 V<\/td>\r\n                    <\/tr>\r\n                    <tr>\r\n                        <td>Corriente m\u00e1xima de carga\/descarga<\/td>\r\n                        <td>150 A\/200 A<\/td>\r\n                    <\/tr>\r\n                <\/tbody>\r\n            <\/table>\r\n            <div class=\"doc-btn-wrapper\">\r\n                \r\n            <\/div>\r\n        <\/div>\r\n    <\/section>\r\n<\/body>\r\n<\/html>\r\n<!-- \u5df2\u4fee\u6539\uff1a\u81ea\u9002\u5e94\u4fee\u590d\u7248\u672c\u3002\u4fdd\u7559\u539f\u9875\u9762\u5185\u5bb9\u3001\u56fe\u7247\u3001\u989c\u8272\u548c\u5e03\u5c40\uff0c\u4ec5\u4fee\u590d\u56fa\u5b9a\u5bbd\u9ad8\u3001\u6ea2\u51fa\u548c Elementor \u81ea\u9002\u5e94\u517c\u5bb9\u95ee\u9898\u3002 -->\r\n\r\n\r\n\r\n\t\t\t\t<\/div>\n\t\t\t\t\t<\/div>\n\t\t\t\t<\/div>\n\t\t<div class=\"elementor-element elementor-element-1f9254d5 e-flex e-con-boxed e-con e-parent\" data-id=\"1f9254d5\" data-element_type=\"container\" data-e-type=\"container\">\n\t\t\t\t\t<div class=\"e-con-inner\">\n\t\t\t\t\t\t\t\n\t\t\t<img decoding=async data-opt-id=198725560  fetchpriority=\"high\" class=\"e-image-base e-21f723bf-0b9f8c3\" \n\t\t\t\t\tdata-interaction-id=\"21f723bf\" \n\t\t \n\t\t \n\t\t\t\t\t\t\t\t\tid=\"1569\"\n\t\t\t\t\t\t\t\t\t\t\t\tsrc=\"https:\/\/mlqmxrbz1bom.i.optimole.com\/cb:FgPI.44\/w:auto\/h:auto\/q:mauto\/f:best\/https:\/\/hossoni-ess.com\/wp-content\/uploads\/2026\/05\/96.png\"\n\t\t\t\t\t\t\t\t\t\t\t\twidth=\"2172\"\n\t\t\t\t\t\t\t\t\t\t\t\theight=\"724\"\n\t\t\t\t\t\t\t\t\t\t\t\tsrcset=\"https:\/\/mlqmxrbz1bom.i.optimole.com\/cb:FgPI.44\/w:1920\/h:640\/q:mauto\/f:best\/https:\/\/hossoni-ess.com\/wp-content\/uploads\/2026\/05\/96.png 2172w, https:\/\/mlqmxrbz1bom.i.optimole.com\/cb:FgPI.44\/w:300\/h:100\/q:mauto\/f:best\/https:\/\/hossoni-ess.com\/wp-content\/uploads\/2026\/05\/96.png 300w, https:\/\/mlqmxrbz1bom.i.optimole.com\/cb:FgPI.44\/w:1024\/h:341\/q:mauto\/f:best\/https:\/\/hossoni-ess.com\/wp-content\/uploads\/2026\/05\/96.png 1024w, https:\/\/mlqmxrbz1bom.i.optimole.com\/cb:FgPI.44\/w:768\/h:256\/q:mauto\/f:best\/https:\/\/hossoni-ess.com\/wp-content\/uploads\/2026\/05\/96.png 768w, https:\/\/mlqmxrbz1bom.i.optimole.com\/cb:FgPI.44\/w:1536\/h:512\/q:mauto\/f:best\/https:\/\/hossoni-ess.com\/wp-content\/uploads\/2026\/05\/96.png 1536w, https:\/\/mlqmxrbz1bom.i.optimole.com\/cb:FgPI.44\/w:1920\/h:640\/q:mauto\/f:best\/https:\/\/hossoni-ess.com\/wp-content\/uploads\/2026\/05\/96.png 2048w, https:\/\/mlqmxrbz1bom.i.optimole.com\/cb:FgPI.44\/w:18\/h:6\/q:mauto\/f:best\/dpr:2\/https:\/\/hossoni-ess.com\/wp-content\/uploads\/2026\/05\/96.png 18w\"\n\t\t\t\t\t\t\t\t\t\t\t\talt=\"\"\n\t\t\t\t\t\t\/>\n\t\t\t\t\t<div class=\"elementor-element elementor-element-5ada1139 elementor-align-center elementor-widget__width-inherit elementor-absolute elementor-widget elementor-widget-button\" data-id=\"5ada1139\" data-element_type=\"widget\" data-e-type=\"widget\" data-settings=\"{&quot;_position&quot;:&quot;absolute&quot;}\" data-widget_type=\"button.default\">\n\t\t\t\t\t\t\t\t\t\t<a class=\"elementor-button elementor-button-link elementor-size-sm\" href=\"\/es\/\u8054\u7cfb\u6211\u4eec-2\/\">\n\t\t\t\t\t\t<span class=\"elementor-button-content-wrapper\">\n\t\t\t\t\t\t\t\t\t<span class=\"elementor-button-text\">Cont\u00e1ctanos<\/span>\n\t\t\t\t\t<\/span>\n\t\t\t\t\t<\/a>\n\t\t\t\t\t\t\t\t<\/div>\n\t\t\t\t\t<\/div>\n\t\t\t\t<\/div>\n\t\t\t\t<\/div>","protected":false},"excerpt":{"rendered":"<p>MIN 3000~6000TL-X \u6237\u7528\u5149\u4f0f\u9006\u53d8\u5668 \u5149\u50a8\u4e00\u4f53\u673a POWERWALL \u4ea7\u54c1\u7279\u70b9 \u9ad8\u6548\u53d1\u7535 \u5149\u4f0f\u53ef [&hellip;]<\/p>\n","protected":false},"author":1,"featured_media":0,"parent":0,"menu_order":0,"comment_status":"closed","ping_status":"closed","template":"","meta":{"footnotes":""},"class_list":["post-439","page","type-page","status-publish","hentry"],"_links":{"self":[{"href":"https:\/\/hossoni-ess.com\/es\/wp-json\/wp\/v2\/pages\/439","targetHints":{"allow":["GET"]}}],"collection":[{"href":"https:\/\/hossoni-ess.com\/es\/wp-json\/wp\/v2\/pages"}],"about":[{"href":"https:\/\/hossoni-ess.com\/es\/wp-json\/wp\/v2\/types\/page"}],"author":[{"embeddable":true,"href":"https:\/\/hossoni-ess.com\/es\/wp-json\/wp\/v2\/users\/1"}],"replies":[{"embeddable":true,"href":"https:\/\/hossoni-ess.com\/es\/wp-json\/wp\/v2\/comments?post=439"}],"version-history":[{"count":31,"href":"https:\/\/hossoni-ess.com\/es\/wp-json\/wp\/v2\/pages\/439\/revisions"}],"predecessor-version":[{"id":1628,"href":"https:\/\/hossoni-ess.com\/es\/wp-json\/wp\/v2\/pages\/439\/revisions\/1628"}],"wp:attachment":[{"href":"https:\/\/hossoni-ess.com\/es\/wp-json\/wp\/v2\/media?parent=439"}],"curies":[{"name":"wp","href":"https:\/\/api.w.org\/{rel}","templated":true}]}}